{"id":505,"date":"2019-12-22T03:39:36","date_gmt":"2019-12-22T00:39:36","guid":{"rendered":"http:\/\/rabianazaneoldu.org\/?page_id=505"},"modified":"2019-12-22T03:39:37","modified_gmt":"2019-12-22T00:39:37","slug":"tweetler","status":"publish","type":"page","link":"http:\/\/rabianazaneoldu.org\/?page_id=505","title":{"rendered":"Tweet&#8217;ler"},"content":{"rendered":"\n<p><a href=\"http:\/\/rabianazaneoldu.org\/?page_id=411\">\u015eaban Vatan&#8217;\u0131n Tweet&#8217;leri<\/a><\/p>\n\n\n\n<p><a rel=\"noreferrer noopener\" aria-label=\"Tm Tweet (yeni sekmede a\u00e7\u0131l\u0131r)\" href=\"https:\/\/twitter.com\/search?q=%22%22rabia%20naz%22%20%22%C5%9Faban%20vatan%22%22%20since%3A2018-04-12&amp;src=typed_query\" target=\"_blank\">T\u00fcm Tweet&#8217;ler<\/a><\/p>\n","protected":false},"excerpt":{"rendered":"<p>\u015eaban Vatan&#8217;\u0131n Tweet&#8217;leri T\u00fcm Tweet&#8217;ler<\/p>\n","protected":false},"author":1,"featured_media":0,"parent":0,"menu_order":0,"comment_status":"closed","ping_status":"closed","template":"","meta":{"footnotes":""},"class_list":["post-505","page","type-page","status-publish","hentry"],"_links":{"self":[{"href":"http:\/\/rabianazaneoldu.org\/index.php?rest_route=\/wp\/v2\/pages\/505","targetHints":{"allow":["GET"]}}],"collection":[{"href":"http:\/\/rabianazaneoldu.org\/index.php?rest_route=\/wp\/v2\/pages"}],"about":[{"href":"http:\/\/rabianazaneoldu.org\/index.php?rest_route=\/wp\/v2\/types\/page"}],"author":[{"embeddable":true,"href":"http:\/\/rabianazaneoldu.org\/index.php?rest_route=\/wp\/v2\/users\/1"}],"replies":[{"embeddable":true,"href":"http:\/\/rabianazaneoldu.org\/index.php?rest_route=%2Fwp%2Fv2%2Fcomments&post=505"}],"version-history":[{"count":1,"href":"http:\/\/rabianazaneoldu.org\/index.php?rest_route=\/wp\/v2\/pages\/505\/revisions"}],"predecessor-version":[{"id":506,"href":"http:\/\/rabianazaneoldu.org\/index.php?rest_route=\/wp\/v2\/pages\/505\/revisions\/506"}],"wp:attachment":[{"href":"http:\/\/rabianazaneoldu.org\/index.php?rest_route=%2Fwp%2Fv2%2Fmedia&parent=505"}],"curies":[{"name":"wp","href":"https:\/\/api.w.org\/{rel}","templated":true}]}}